{"id":504,"date":"2015-03-02T13:12:12","date_gmt":"2015-03-02T13:12:12","guid":{"rendered":"http:\/\/wp\/enfold-shop\/?page_id=16"},"modified":"2026-03-26T16:29:07","modified_gmt":"2026-03-26T15:29:07","slug":"home","status":"publish","type":"page","link":"https:\/\/ntmg.de\/","title":{"rendered":"Home"},"content":{"rendered":"<div   class='avia-fullscreen-slider main_color   avia-builder-el-0  el_before_av_section  avia-builder-el-first  container_wrap sidebar_right'  >\n<style type=\"text\/css\" data-created_by=\"avia_inline_auto\" id=\"style-css-av-7gs34g-8dd2d04dbde515692d65678b93d73699\">\n#top #wrap_all .avia-slideshow .av-slideshow-caption.av-7gs34g-8dd2d04dbde515692d65678b93d73699__0 .avia-caption-title{\nfont-size:40px;\ncolor:#2c2c2c;\n}\n#top .avia-slideshow .av-slideshow-caption.av-7gs34g-8dd2d04dbde515692d65678b93d73699__0 .avia-caption-content{\nfont-size:18px;\ncolor:#818181;\n}\n#top .avia-slideshow .av-slideshow-caption.av-7gs34g-8dd2d04dbde515692d65678b93d73699__0 .avia-caption-content p{\nfont-size:18px;\n}\n#top #wrap_all .avia-slideshow .av-slideshow-caption.av-7gs34g-8dd2d04dbde515692d65678b93d73699__1 .avia-caption-title{\nfont-size:40px;\ncolor:#2c2c2c;\n}\n#top .avia-slideshow .av-slideshow-caption.av-7gs34g-8dd2d04dbde515692d65678b93d73699__1 .avia-caption-content{\nfont-size:18px;\ncolor:#818181;\n}\n#top .avia-slideshow .av-slideshow-caption.av-7gs34g-8dd2d04dbde515692d65678b93d73699__1 .avia-caption-content p{\nfont-size:18px;\n}\n#top #wrap_all .avia-slideshow .av-slideshow-caption.av-7gs34g-8dd2d04dbde515692d65678b93d73699__2 .avia-caption-title{\nfont-size:40px;\ncolor:#2c2c2c;\n}\n#top .avia-slideshow .av-slideshow-caption.av-7gs34g-8dd2d04dbde515692d65678b93d73699__2 .avia-caption-content{\nfont-size:18px;\ncolor:#818181;\n}\n#top .avia-slideshow .av-slideshow-caption.av-7gs34g-8dd2d04dbde515692d65678b93d73699__2 .avia-caption-content p{\nfont-size:18px;\n}\n#top #wrap_all .avia-slideshow .av-slideshow-caption.av-7gs34g-8dd2d04dbde515692d65678b93d73699__3 .avia-caption-title{\nfont-size:40px;\ncolor:#2c2c2c;\n}\n#top .avia-slideshow .av-slideshow-caption.av-7gs34g-8dd2d04dbde515692d65678b93d73699__3 .avia-caption-content{\nfont-size:18px;\ncolor:#818181;\n}\n#top .avia-slideshow .av-slideshow-caption.av-7gs34g-8dd2d04dbde515692d65678b93d73699__3 .avia-caption-content p{\nfont-size:18px;\n}\n#top #wrap_all .avia-slideshow .av-slideshow-caption.av-7gs34g-8dd2d04dbde515692d65678b93d73699__4 .avia-caption-title{\nfont-size:40px;\ncolor:#2c2c2c;\n}\n#top .avia-slideshow .av-slideshow-caption.av-7gs34g-8dd2d04dbde515692d65678b93d73699__4 .avia-caption-content{\nfont-size:18px;\ncolor:#818181;\n}\n#top .avia-slideshow .av-slideshow-caption.av-7gs34g-8dd2d04dbde515692d65678b93d73699__4 .avia-caption-content p{\nfont-size:18px;\n}\n<\/style>\n<a href='#next-section' title='' class='scroll-down-link av-control-default' aria-hidden='true' data-av_icon='\ue877' data-av_iconfont='entypo-fontello'><\/a><div  class='avia-slideshow av-7gs34g-8dd2d04dbde515692d65678b93d73699 avia-slideshow-extra_large av_fullscreen avia-fade-slider av-slideshow-ui av-control-default av-slideshow-autoplay av-loop-endless av-loop-manual-endless av-slider-scroll-down-active av-default-height-applied   avia-slideshow-1' data-slideshow-options=\"{&quot;animation&quot;:&quot;fade&quot;,&quot;autoplay&quot;:true,&quot;loop_autoplay&quot;:&quot;endless&quot;,&quot;interval&quot;:9,&quot;loop_manual&quot;:&quot;manual-endless&quot;,&quot;autoplay_stopper&quot;:false,&quot;noNavigation&quot;:false,&quot;bg_slider&quot;:true,&quot;keep_padding&quot;:false,&quot;hoverpause&quot;:false,&quot;show_slide_delay&quot;:0,&quot;slide_height&quot;:&quot;100&quot;,&quot;image_attachment&quot;:&quot;&quot;}\"  itemprop=\"image\" itemscope=\"itemscope\" itemtype=\"https:\/\/schema.org\/ImageObject\" ><ul class='avia-slideshow-inner ' style='padding-bottom: 56.266666666667%;'><li style='background-position:center right;' data-img-url='https:\/\/ntmg.de\/wp-content\/uploads\/2023\/07\/NTMG-header-gastro_1920x1080px_150dpi_v02-a-1500x844.jpg' class='avia-slideshow-slide av-7gs34g-8dd2d04dbde515692d65678b93d73699__0  slide-1 slide-odd'><div data-rel='slideshow-1' class='avia-slide-wrap '   ><div class='av-slideshow-caption av-7gs34g-8dd2d04dbde515692d65678b93d73699__0 caption_fullwidth caption_left'><div class=\"container caption_container\"><div class=\"slideshow_caption\"><div class=\"slideshow_inner_caption\"><div class=\"slideshow_align_caption\"><h2 class='avia-caption-title '  itemprop=\"name\" >Netzwerke f\u00fcr Gastronomie, Hotel und Handel<\/h2><div class='avia-caption-content av_inherit_color'  itemprop=\"description\" ><p>Schnelle Infrastruktursysteme<br \/>\nf\u00fcr Gastronomie und Handel.<br \/>\nGastsysteme f\u00fcr Hotel- und Beherbergungsbetriebe.<\/p>\n<\/div><\/div><\/div><\/div><\/div><\/div><\/div><\/li><li style='background-position:center center;' data-img-url='https:\/\/ntmg.de\/wp-content\/uploads\/2023\/07\/NTMG-header-event-buehne_1920x1080px_150dpi_v02-1500x844.jpg' class='avia-slideshow-slide av-7gs34g-8dd2d04dbde515692d65678b93d73699__1  slide-2 slide-even'><div data-rel='slideshow-1' class='avia-slide-wrap '   ><div class='av-slideshow-caption av-7gs34g-8dd2d04dbde515692d65678b93d73699__1 caption_fullwidth caption_left'><div class=\"container caption_container\"><div class=\"slideshow_caption\"><div class=\"slideshow_inner_caption\"><div class=\"slideshow_align_caption\"><h2 class='avia-caption-title '  itemprop=\"name\" >Digital Event<\/h2><div class='avia-caption-content av_inherit_color'  itemprop=\"description\" ><p>Neue Formate ersetzen herk\u00f6mmliche Veranstaltungstechnologien bei Messe,<br \/>\nCorporate Events, Weiterbildung und Unterhaltung.<\/p>\n<\/div><\/div><\/div><\/div><\/div><\/div><\/div><\/li><li style='background-position:top left;' data-img-url='https:\/\/ntmg.de\/wp-content\/uploads\/2023\/07\/NTMG-header-studio_1920x1080px_150dpi_v02-b-1500x844.jpg' class='avia-slideshow-slide av-7gs34g-8dd2d04dbde515692d65678b93d73699__2  slide-3 slide-odd'><div data-rel='slideshow-1' class='avia-slide-wrap '   ><div class='av-slideshow-caption av-7gs34g-8dd2d04dbde515692d65678b93d73699__2 caption_fullwidth caption_left'><div class=\"container caption_container\"><div class=\"slideshow_caption\"><div class=\"slideshow_inner_caption\"><div class=\"slideshow_align_caption\"><h2 class='avia-caption-title '  itemprop=\"name\" >Automatisierte Studiotechnik<\/h2><div class='avia-caption-content av_inherit_color'  itemprop=\"description\" ><p>Automatisierte Technologien erleichtern den Betrieb von TV-Studios im eigenen Unternehmen.<\/p>\n<\/div><\/div><\/div><\/div><\/div><\/div><\/div><\/li><li style='background-position:top left;' data-img-url='https:\/\/ntmg.de\/wp-content\/uploads\/2022\/10\/NTMG-header-hotel_1920x1080px_72dpi-1500x844.jpg' class='avia-slideshow-slide av-7gs34g-8dd2d04dbde515692d65678b93d73699__3  slide-4 slide-even'><div data-rel='slideshow-1' class='avia-slide-wrap '   ><div class='av-slideshow-caption av-7gs34g-8dd2d04dbde515692d65678b93d73699__3 caption_fullwidth caption_left'><div class=\"container caption_container\"><div class=\"slideshow_caption\"><div class=\"slideshow_inner_caption\"><div class=\"slideshow_align_caption\"><h2 class='avia-caption-title '  itemprop=\"name\" >Services definiert.<\/h2><div class='avia-caption-content av_inherit_color'  itemprop=\"description\" ><p>Knowhow und Einsatzbereitschaft definieren unsere Services. Mit unseren VIP Leistungen auch rund um die Uhr.<\/p>\n<\/div><\/div><\/div><\/div><\/div><\/div><div class='av-section-color-overlay' style='opacity: 0.6; background-color: #ffffff; '><\/div><\/div><\/li><li style='background-position:top left;' data-img-url='https:\/\/ntmg.de\/wp-content\/uploads\/2022\/10\/NTMG-header-immo_1920x1080px_72dpi-1500x844.jpg' class='avia-slideshow-slide av-7gs34g-8dd2d04dbde515692d65678b93d73699__4  slide-5 slide-odd'><div data-rel='slideshow-1' class='avia-slide-wrap '   ><div class='av-slideshow-caption av-7gs34g-8dd2d04dbde515692d65678b93d73699__4 caption_fullwidth caption_left'><div class=\"container caption_container\"><div class=\"slideshow_caption\"><div class=\"slideshow_inner_caption\"><div class=\"slideshow_align_caption\"><h2 class='avia-caption-title '  itemprop=\"name\" >Infrastruktur f\u00fcr die Bau- und Wohnungswirtschaft<\/h2><div class='avia-caption-content av_inherit_color'  itemprop=\"description\" ><p>Zentrale Netzwerk- und WLAN-Systeme f\u00fcr Vermietung und externe Abrechnung.<\/p>\n<\/div><\/div><\/div><\/div><\/div><\/div><div class='av-section-color-overlay' style='opacity: 0.6; background-color: #ffffff; '><\/div><\/div><\/li><\/ul><div class='avia-slideshow-arrows avia-slideshow-controls' ><a href='#prev' class='prev-slide ' aria-hidden='true' data-av_icon='\ue87c' data-av_iconfont='entypo-fontello'  tabindex='-1'>Zur\u00fcck<\/a><a href='#next' class='next-slide ' aria-hidden='true' data-av_icon='\ue87d' data-av_iconfont='entypo-fontello'  tabindex='-1'>Weiter<\/a><\/div><div class='avia-slideshow-dots avia-slideshow-controls'><a href='#1' class='goto-slide active' >1<\/a><a href='#2' class='goto-slide ' >2<\/a><a href='#3' class='goto-slide ' >3<\/a><a href='#4' class='goto-slide ' >4<\/a><a href='#5' class='goto-slide ' >5<\/a><\/div><\/div><\/div>\n<div id='av_section_1'  class='avia-section av-ali6o-e8934f2108539bbf40237984e9b641e8 alternate_color avia-section-large avia-no-border-styling  avia-builder-el-1  el_after_av_fullscreen  avia-builder-el-last  avia-bg-style-scroll container_wrap sidebar_right'  ><div class='container av-section-cont-open' ><div class='template-page content  av-content-small alpha units'><div class='post-entry post-entry-type-page post-entry-504'><div class='entry-content-wrapper clearfix'>\n<div class='flex_column av-23gxsw-74a318669b7c56de10f20429117dca6b av_one_half  avia-builder-el-2  el_before_av_one_half  avia-builder-el-first  first flex_column_div '     ><article  class='iconbox iconbox_left_content av-1vrix4-49c0bda35857a4821817bca805ae85ba av-icon-style-no-border  avia-builder-el-3  avia-builder-el-no-sibling '  itemscope=\"itemscope\" itemtype=\"https:\/\/schema.org\/CreativeWork\" ><div class=\"iconbox_icon heading-color\" aria-hidden='true' data-av_icon='\ue821' data-av_iconfont='entypo-fontello'><\/div><div class=\"iconbox_content\"><header class=\"entry-content-header\"><h3 class='iconbox_content_title '  itemprop=\"headline\" >Infrastruktur<\/h3><\/header><div class='iconbox_content_container '  itemprop=\"text\" ><p>Hochleistungs-Infrastruktursysteme f\u00fcr Handel, Gastronomie, Hotel und Wohnungswirtschaft: WLAN Netzwerke, Glasfaserkonzeption, Sicherheitsl\u00f6sungen (Firewall), Zutrittssteuerung, \u00dcberwachung (Video)<br \/>\nHosting Services (WordPress, TYPO3)<\/p>\n<\/div><\/div><footer class=\"entry-footer\"><\/footer><\/article><\/div><div class='flex_column av-1s38ko-6afa6c631f2baebff3a9f6b0c035a3f7 av_one_half  avia-builder-el-4  el_after_av_one_half  el_before_av_one_half  flex_column_div '     ><article  class='iconbox iconbox_left_content av-1msv6g-96cc0c825a50fd59d1888adac4ea8d0b av-icon-style-no-border  avia-builder-el-5  avia-builder-el-no-sibling '  itemscope=\"itemscope\" itemtype=\"https:\/\/schema.org\/CreativeWork\" ><div class=\"iconbox_icon heading-color\" aria-hidden='true' data-av_icon='\ue8b6' data-av_iconfont='entypo-fontello'><\/div><div class=\"iconbox_content\"><header class=\"entry-content-header\"><h3 class='iconbox_content_title '  itemprop=\"headline\" >24\/7 Support<\/h3><\/header><div class='iconbox_content_container '  itemprop=\"text\" ><p>Verf\u00fcgbarkeit au\u00dferhalb regul\u00e4rer Arbeitszeiten<\/p>\n<\/div><\/div><footer class=\"entry-footer\"><\/footer><\/article><\/div><div class='flex_column av-2pj7xs-0ffc843c981f771e1c587f197bb11042 av_one_half  avia-builder-el-6  el_after_av_one_half  avia-builder-el-last  first flex_column_div column-top-margin'     ><article  class='iconbox iconbox_left_content av-2jo5y0-8b4d0adad7390797fee4535b9511afc9 av-icon-style-no-border  avia-builder-el-7  avia-builder-el-no-sibling '  itemscope=\"itemscope\" itemtype=\"https:\/\/schema.org\/CreativeWork\" ><div class=\"iconbox_icon heading-color\" aria-hidden='true' data-av_icon='\ue8cb' data-av_iconfont='entypo-fontello'><\/div><div class=\"iconbox_content\"><header class=\"entry-content-header\"><h3 class='iconbox_content_title '  itemprop=\"headline\" >Digital Event<\/h3><\/header><div class='iconbox_content_container '  itemprop=\"text\" ><p>Technologien f\u00fcr Live Event, Digitales Lernen, Streaming<br \/>\nund Video on Demand (DTR, PPV, AVoD)<\/p>\n<\/div><\/div><footer class=\"entry-footer\"><\/footer><\/article><\/div><\/div><\/div><\/div><!-- close content main div --><\/div><\/div><div id='after_section_1'  class='main_color av_default_container_wrap container_wrap sidebar_right'  ><div class='container av-section-cont-open' ><div class='template-page content  av-content-small alpha units'><div class='post-entry post-entry-type-page post-entry-504'><div class='entry-content-wrapper clearfix'>\n","protected":false},"excerpt":{"rendered":"","protected":false},"author":1,"featured_media":0,"parent":0,"menu_order":0,"comment_status":"open","ping_status":"closed","template":"","meta":{"footnotes":""},"class_list":["post-504","page","type-page","status-publish","hentry"],"_links":{"self":[{"href":"https:\/\/ntmg.de\/index.php\/wp-json\/wp\/v2\/pages\/504","targetHints":{"allow":["GET"]}}],"collection":[{"href":"https:\/\/ntmg.de\/index.php\/wp-json\/wp\/v2\/pages"}],"about":[{"href":"https:\/\/ntmg.de\/index.php\/wp-json\/wp\/v2\/types\/page"}],"author":[{"embeddable":true,"href":"https:\/\/ntmg.de\/index.php\/wp-json\/wp\/v2\/users\/1"}],"replies":[{"embeddable":true,"href":"https:\/\/ntmg.de\/index.php\/wp-json\/wp\/v2\/comments?post=504"}],"version-history":[{"count":49,"href":"https:\/\/ntmg.de\/index.php\/wp-json\/wp\/v2\/pages\/504\/revisions"}],"predecessor-version":[{"id":1086,"href":"https:\/\/ntmg.de\/index.php\/wp-json\/wp\/v2\/pages\/504\/revisions\/1086"}],"wp:attachment":[{"href":"https:\/\/ntmg.de\/index.php\/wp-json\/wp\/v2\/media?parent=504"}],"curies":[{"name":"wp","href":"https:\/\/api.w.org\/{rel}","templated":true}]}}